{"id":453,"date":"2026-02-24T11:24:16","date_gmt":"2026-02-24T10:24:16","guid":{"rendered":"http:\/\/www.dk3d-architectures.fr\/?page_id=453"},"modified":"2026-02-24T12:07:06","modified_gmt":"2026-02-24T11:07:06","slug":"maintenance-informatique-formation-et-depannage","status":"publish","type":"page","link":"http:\/\/www.dk3d-architectures.fr\/index.php\/maintenance-informatique-formation-et-depannage\/","title":{"rendered":"Maintenance informatique: formation et d\u00e9pannage."},"content":{"rendered":"\n<p>Pr\u00e9sentation de mes activit\u00e9s<\/p>\n\n\n\n<p>Je propose des services polyvalents autour du <strong>num\u00e9rique<\/strong>, de la <strong>cr\u00e9ation<\/strong> et de la<strong> fabrication<\/strong>, destin\u00e9s aux particuliers, associations et petites structures.<\/p>\n\n\n\n<p>Je suis \u00e9galement webmaster de sites internet sous WordPress.<\/p>\n\n\n\n<p>J\u2019interviens en d\u00e9pannage et accompagnement informatique : installation, maintenance, optimisation d\u2019ordinateurs et de logiciels, aide \u00e0 l\u2019usage du num\u00e9rique et solutions adapt\u00e9es aux besoins quotidiens ou professionnels.<\/p>\n\n\n\n<p>Je propose \u00e9galement des formations pratiques en <strong>photographie<\/strong>, de la prise de vue \u00e0 la retouche et au montage, afin de rendre chacun autonome dans la cr\u00e9ation d\u2019images de qualit\u00e9, que ce soit pour un usage personnel, associatif ou professionnel.<\/p>\n\n\n\n<p>Passionn\u00e9 par la <strong>fabrication num\u00e9rique<\/strong>, je r\u00e9alise et accompagne des projets en impression 3D et usinage CNC (fraiseuse num\u00e9rique) : prototypage, petites pi\u00e8ces sur mesure, objets personnalis\u00e9s ou supports p\u00e9dagogiques.<\/p>\n\n\n\n<p>J\u2019anime aussi des ateliers de programmation et robotique \u00e9ducative autour des cartes microcontr\u00f4leurs comme la BBC micro:bit et Arduino, pour d\u00e9couvrir l\u2019\u00e9lectronique, le code et les objets connect\u00e9s de mani\u00e8re ludique et concr\u00e8te.<\/p>\n\n\n\n<p>Enfin, fort de mon exp\u00e9rience de dessinateur-projeteur, je propose des prestations de conception de plans et mod\u00e9lisation (2D\/3D) pour des projets d\u2019am\u00e9nagement, de fabrication ou de communication technique.<\/p>\n\n\n\n<p>Mon approche privil\u00e9gie la p\u00e9dagogie, l\u2019autonomie des utilisateurs et des solutions accessibles, concr\u00e8tes et adapt\u00e9es \u00e0 chaque besoin.<\/p>\n\n\n\n<p><\/p>\n","protected":false},"excerpt":{"rendered":"<p>Pr\u00e9sentation de mes activit\u00e9s Je propose des services polyvalents autour du num\u00e9rique, de la cr\u00e9ation et de la fabrication, destin\u00e9s aux particuliers, associations et petites structures. Je suis \u00e9galement webmaster de sites internet sous WordPress. J\u2019interviens en d\u00e9pannage et accompagnement informatique : installation, maintenance, optimisation d\u2019ordinateurs et de logiciels, aide \u00e0 l\u2019usage du num\u00e9rique et [&hellip;]<\/p>\n","protected":false},"author":1,"featured_media":0,"parent":0,"menu_order":0,"comment_status":"closed","ping_status":"closed","template":"","meta":{"footnotes":""},"class_list":["post-453","page","type-page","status-publish","hentry"],"_links":{"self":[{"href":"http:\/\/www.dk3d-architectures.fr\/index.php\/wp-json\/wp\/v2\/pages\/453","targetHints":{"allow":["GET"]}}],"collection":[{"href":"http:\/\/www.dk3d-architectures.fr\/index.php\/wp-json\/wp\/v2\/pages"}],"about":[{"href":"http:\/\/www.dk3d-architectures.fr\/index.php\/wp-json\/wp\/v2\/types\/page"}],"author":[{"embeddable":true,"href":"http:\/\/www.dk3d-architectures.fr\/index.php\/wp-json\/wp\/v2\/users\/1"}],"replies":[{"embeddable":true,"href":"http:\/\/www.dk3d-architectures.fr\/index.php\/wp-json\/wp\/v2\/comments?post=453"}],"version-history":[{"count":18,"href":"http:\/\/www.dk3d-architectures.fr\/index.php\/wp-json\/wp\/v2\/pages\/453\/revisions"}],"predecessor-version":[{"id":489,"href":"http:\/\/www.dk3d-architectures.fr\/index.php\/wp-json\/wp\/v2\/pages\/453\/revisions\/489"}],"wp:attachment":[{"href":"http:\/\/www.dk3d-architectures.fr\/index.php\/wp-json\/wp\/v2\/media?parent=453"}],"curies":[{"name":"wp","href":"https:\/\/api.w.org\/{rel}","templated":true}]}}